{"id":27211,"date":"2025-05-10T11:09:21","date_gmt":"2025-05-10T11:09:21","guid":{"rendered":"https:\/\/afyonarabakiralama.com.tr\/?page_id=27211"},"modified":"2025-05-10T11:13:06","modified_gmt":"2025-05-10T11:13:06","slug":"iletisim","status":"publish","type":"page","link":"https:\/\/afyonarabakiralama.com.tr\/index.php\/iletisim\/","title":{"rendered":"\u0130leti\u015fim"},"content":{"rendered":"\t\t<div data-elementor-type=\"wp-page\" data-elementor-id=\"27211\" class=\"elementor elementor-27211\">\n\t\t\t\t\t\t<section class=\"wd-negative-gap elementor-section elementor-top-section elementor-element elementor-element-78338716 elementor-section-boxed elementor-section-height-default elementor-section-height-default\" data-id=\"78338716\" data-element_type=\"section\">\n\t\t\t\t\t\t<div class=\"elementor-container elementor-column-gap-default\">\n\t\t\t\t\t<div class=\"elementor-column elementor-col-33 elementor-top-column elementor-element elementor-element-774adba3\" data-id=\"774adba3\" data-element_type=\"column\">\n\t\t\t<div class=\"elementor-widget-wrap elementor-element-populated\">\n\t\t\t\t\t\t<div class=\"elementor-element elementor-element-5faebb6d wd-width-100 elementor-widget elementor-widget-wd_title\" data-id=\"5faebb6d\" data-element_type=\"widget\" data-widget_type=\"wd_title.default\">\n\t\t\t\t<div class=\"elementor-widget-container\">\n\t\t\t\t\t\t\t<div class=\"title-wrapper set-mb-s reset-last-child wd-title-color-default wd-title-style-default wd-title-size-default text-left\">\n\n\t\t\t\n\t\t\t<div class=\"liner-continer\">\n\t\t\t\t<h4 class=\"woodmart-title-container title wd-fontsize-l wd-underline-colored\">\u0130dol\u00fcm Rent A Car<\/h4> \n\t\t\t\t\t\t\t<\/div>\n\n\t\t\t\t\t<\/div>\n\t\t\t\t\t\t<\/div>\n\t\t\t\t<\/div>\n\t\t\t\t\t<\/div>\n\t\t<\/div>\n\t\t\t\t<div class=\"elementor-column elementor-col-33 elementor-top-column elementor-element elementor-element-60416a98\" data-id=\"60416a98\" data-element_type=\"column\">\n\t\t\t<div class=\"elementor-widget-wrap elementor-element-populated\">\n\t\t\t\t\t\t<div class=\"elementor-element elementor-element-21d39881 wd-width-100 elementor-widget elementor-widget-wd_title\" data-id=\"21d39881\" data-element_type=\"widget\" data-widget_type=\"wd_title.default\">\n\t\t\t\t<div class=\"elementor-widget-container\">\n\t\t\t\t\t\t\t<div class=\"title-wrapper set-mb-s reset-last-child wd-title-color-default wd-title-style-default wd-title-size-default text-left\">\n\n\t\t\t\n\t\t\t<div class=\"liner-continer\">\n\t\t\t\t<h4 class=\"woodmart-title-container title wd-fontsize-l\"><\/h4> \n\t\t\t\t\t\t\t<\/div>\n\n\t\t\t\t\t<\/div>\n\t\t\t\t\t\t<\/div>\n\t\t\t\t<\/div>\n\t\t\t\t<div class=\"elementor-element elementor-element-27652e6 elementor-widget elementor-widget-wd_infobox\" data-id=\"27652e6\" data-element_type=\"widget\" data-widget_type=\"wd_infobox.default\">\n\t\t\t\t<div class=\"elementor-widget-container\">\n\t\t\t\t\t\t\t<div class=\"info-box-wrapper\">\n\t\t\t<div class=\"wd-info-box text-left box-icon-align-left box-style-base color-scheme- wd-items-top\">\n\t\t\t\t\t\t\t\t\t<div class=\"box-icon-wrapper  box-with-icon box-icon-simple\">\n\t\t\t\t\t\t<div class=\"info-box-icon\">\n\t\t\t\t\t\t\t\t\t\t\t\t\t\t\t<div class=\"info-svg-wrapper\" style=\"width:35px; height:35px;\"><img decoding=\"async\"  src=\"https:\/\/afyonarabakiralama.com.tr\/wp-content\/uploads\/2025\/05\/bikes-address.svg\" title=\"bikes-address.svg\" width=\"35\" height=\"35\"><\/div>\t\t\t\t\t\t\t\t\t\t\t\t\t<\/div>\n\t\t\t\t\t<\/div>\n\t\t\t\t\n\t\t\t\t<div class=\"info-box-content\">\n\t\t\t\t\t\n\t\t\t\t\t\n\t\t\t\t\t<div class=\"info-box-inner set-cont-mb-s reset-last-child\"data-elementor-setting-key=\"content\"><p><a tabindex=\"0\" href=\"https:\/\/www.google.com\/maps\/place\/\/data=!4m2!3m1!1s0x14cf17cfee0214a5:0x7246c2045a90a876?sa=X&amp;ved=1t:8290&amp;ictx=111\" data-url=\"\/maps\/place\/\/data=!4m2!3m1!1s0x14cf17cfee0214a5:0x7246c2045a90a876?sa=X&amp;ved=2ahUKEwjOz9rE2ZiNAxWi1wIHHVEGGtwQ4kB6BAgHEAA\">Mahalle, Marulcu, Kad\u0131nana Cd. G\u00fclcan Apt No:78\/2, 03200 Afyonkarahisar Merkez\/Afyonkarahisar<\/a><\/p>\n<\/div>\n\n\t\t\t\t\t\t\t\t\t<\/div>\n\n\t\t\t\t\t\t\t<\/div>\n\t\t<\/div>\n\t\t\t\t\t\t<\/div>\n\t\t\t\t<\/div>\n\t\t\t\t\t<\/div>\n\t\t<\/div>\n\t\t\t\t<div class=\"elementor-column elementor-col-33 elementor-top-column elementor-element elementor-element-3a5389d1\" data-id=\"3a5389d1\" data-element_type=\"column\">\n\t\t\t<div class=\"elementor-widget-wrap elementor-element-populated\">\n\t\t\t\t\t\t<div class=\"elementor-element elementor-element-515f87f5 elementor-widget elementor-widget-wd_infobox\" data-id=\"515f87f5\" data-element_type=\"widget\" data-widget_type=\"wd_infobox.default\">\n\t\t\t\t<div class=\"elementor-widget-container\">\n\t\t\t\t\t\t\t<div class=\"info-box-wrapper\">\n\t\t\t<div class=\"wd-info-box text-left box-icon-align-left box-style-base color-scheme- wd-items-top\">\n\t\t\t\t\t\t\t\t\t<div class=\"box-icon-wrapper  box-with-icon box-icon-simple\">\n\t\t\t\t\t\t<div class=\"info-box-icon\">\n\t\t\t\t\t\t\t\t\t\t\t\t\t\t\t<div class=\"info-svg-wrapper\" style=\"width:35px; height:35px;\"><img decoding=\"async\"  src=\"https:\/\/afyonarabakiralama.com.tr\/wp-content\/uploads\/2025\/05\/bikes-mobile-phone.svg\" title=\"bikes-mobile-phone.svg\" width=\"35\" height=\"35\"><\/div>\t\t\t\t\t\t\t\t\t\t\t\t\t<\/div>\n\t\t\t\t\t<\/div>\n\t\t\t\t\n\t\t\t\t<div class=\"info-box-content\">\n\t\t\t\t\t\n\t\t\t\t\t\n\t\t\t\t\t<div class=\"info-box-inner set-cont-mb-s reset-last-child\"data-elementor-setting-key=\"content\"><p><span class=\"w8qArf FoJoyf\">\u00a0<\/span><span class=\"LrzXr zdqRlf kno-fv\"><a href=\"https:\/\/www.google.com\/search?gs_ssp=eJzj4tVP1zc0LCqIzypPL841YLRSNagwNElOMzRPTktNNTAyNEk0tTKoMDcyMUs2MjAxTbQ0SLQwN_MSykzJzzm8J1ehKDWvRCFRITmxCAA2ZBa5&amp;q=idol%C3%BCm+rent+a+car&amp;rlz=1C1CHZN_trTR1125TR1125&amp;oq=%C4%B0DOL%C3%9CM&amp;gs_lcrp=EgZjaHJvbWUqDQgBEC4YrwEYxwEYgAQyCQgAEEUYORiABDINCAEQLhivARjHARiABDIHCAIQABiABDIHCAMQABiABDIHCAQQABiABDIHCAUQABiABDIHCAYQABiABDIHCAcQABiABNIBCTUyMjVqMGoxNagCCLACAfEFBzmgXWhZ1_Y&amp;sourceid=chrome&amp;ie=UTF-8#\" data-dtype=\"d3ph\" data-local-attribute=\"d3ph\" data-ved=\"2ahUKEwjOz9rE2ZiNAxWi1wIHHVEGGtwQkAgoAHoECCsQAg\"><span aria-label=\"0532 263 17 33 Numaral\u0131 Telefonu Ara\">0532 263 17 33<\/span><\/a><\/span><\/p>\n<\/div>\n\n\t\t\t\t\t\t\t\t\t<\/div>\n\n\t\t\t\t\t\t\t<\/div>\n\t\t<\/div>\n\t\t\t\t\t\t<\/div>\n\t\t\t\t<\/div>\n\t\t\t\t<div class=\"elementor-element elementor-element-3648d58b elementor-widget elementor-widget-wd_infobox\" data-id=\"3648d58b\" data-element_type=\"widget\" data-widget_type=\"wd_infobox.default\">\n\t\t\t\t<div class=\"elementor-widget-container\">\n\t\t\t\t\t\t\t<div class=\"info-box-wrapper\">\n\t\t\t<div class=\"wd-info-box text-left box-icon-align-left box-style-base color-scheme- wd-items-top\">\n\t\t\t\t\t\t\t\t\t<div class=\"box-icon-wrapper  box-with-icon box-icon-simple\">\n\t\t\t\t\t\t<div class=\"info-box-icon\">\n\t\t\t\t\t\t\t\t\t\t\t\t\t\t\t<div class=\"info-svg-wrapper\" style=\"width:35px; height:35px;\"><img decoding=\"async\"  src=\"https:\/\/afyonarabakiralama.com.tr\/wp-content\/uploads\/2025\/05\/bikes-mail.svg\" title=\"bikes-mail.svg\" width=\"35\" height=\"35\"><\/div>\t\t\t\t\t\t\t\t\t\t\t\t\t<\/div>\n\t\t\t\t\t<\/div>\n\t\t\t\t\n\t\t\t\t<div class=\"info-box-content\">\n\t\t\t\t\t\n\t\t\t\t\t\n\t\t\t\t\t<div class=\"info-box-inner set-cont-mb-s reset-last-child\"data-elementor-setting-key=\"content\"><div class=\"VoqD8\">\n<div class=\"eYSAde\">idolumsukru@gmail.com<\/div>\n<\/div>\n<\/div>\n\n\t\t\t\t\t\t\t\t\t<\/div>\n\n\t\t\t\t\t\t\t<\/div>\n\t\t<\/div>\n\t\t\t\t\t\t<\/div>\n\t\t\t\t<\/div>\n\t\t\t\t\t<\/div>\n\t\t<\/div>\n\t\t\t\t\t<\/div>\n\t\t<\/section>\n\t\t<div class=\"wd-negative-gap elementor-element elementor-element-32bfc50 e-flex e-con-boxed e-con e-parent\" data-id=\"32bfc50\" data-element_type=\"container\">\n\t\t\t\t\t<div class=\"e-con-inner\">\n\t\t\t\t<div class=\"elementor-element elementor-element-3a8f96a elementor-widget elementor-widget-google_maps\" data-id=\"3a8f96a\" data-element_type=\"widget\" data-widget_type=\"google_maps.default\">\n\t\t\t\t<div class=\"elementor-widget-container\">\n\t\t\t\t\t\t\t<div class=\"elementor-custom-embed\">\n\t\t\t<iframe loading=\"lazy\"\n\t\t\t\t\tsrc=\"https:\/\/maps.google.com\/maps?q=%C4%B0dol%C3%BCm%20Rent%20A%20Car%2CMahalle%2C%20Marulcu%2C%20Kad%C4%B1nana%20Cd.%20G%C3%BClcan%20Apt%20No%3A78%2F2%2C%2003200%20Afyonkarahisar%20Merkez%2FAfyonkarahisar&#038;t=m&#038;z=10&#038;output=embed&#038;iwloc=near\"\n\t\t\t\t\ttitle=\"\u0130dol\u00fcm Rent A Car,Mahalle, Marulcu, Kad\u0131nana Cd. G\u00fclcan Apt No:78\/2, 03200 Afyonkarahisar Merkez\/Afyonkarahisar\"\n\t\t\t\t\taria-label=\"\u0130dol\u00fcm Rent A Car,Mahalle, Marulcu, Kad\u0131nana Cd. G\u00fclcan Apt No:78\/2, 03200 Afyonkarahisar Merkez\/Afyonkarahisar\"\n\t\t\t><\/iframe>\n\t\t<\/div>\n\t\t\t\t\t\t<\/div>\n\t\t\t\t<\/div>\n\t\t\t\t\t<\/div>\n\t\t\t\t<\/div>\n\t\t\t\t<\/div>\n\t\t","protected":false},"excerpt":{"rendered":"<p>\u0130dol\u00fcm Rent A Car Mahalle, Marulcu, Kad\u0131nana Cd. G\u00fclcan Apt No:78\/2, 03200 Afyonkarahisar Merkez\/Afyonkarahisar \u00a00532 263 17 33 idolumsukru@gmail.com<\/p>\n","protected":false},"author":1,"featured_media":0,"parent":0,"menu_order":0,"comment_status":"closed","ping_status":"closed","template":"","meta":{"footnotes":""},"class_list":["post-27211","page","type-page","status-publish","hentry"],"_links":{"self":[{"href":"https:\/\/afyonarabakiralama.com.tr\/index.php\/wp-json\/wp\/v2\/pages\/27211","targetHints":{"allow":["GET"]}}],"collection":[{"href":"https:\/\/afyonarabakiralama.com.tr\/index.php\/wp-json\/wp\/v2\/pages"}],"about":[{"href":"https:\/\/afyonarabakiralama.com.tr\/index.php\/wp-json\/wp\/v2\/types\/page"}],"author":[{"embeddable":true,"href":"https:\/\/afyonarabakiralama.com.tr\/index.php\/wp-json\/wp\/v2\/users\/1"}],"replies":[{"embeddable":true,"href":"https:\/\/afyonarabakiralama.com.tr\/index.php\/wp-json\/wp\/v2\/comments?post=27211"}],"version-history":[{"count":4,"href":"https:\/\/afyonarabakiralama.com.tr\/index.php\/wp-json\/wp\/v2\/pages\/27211\/revisions"}],"predecessor-version":[{"id":27220,"href":"https:\/\/afyonarabakiralama.com.tr\/index.php\/wp-json\/wp\/v2\/pages\/27211\/revisions\/27220"}],"wp:attachment":[{"href":"https:\/\/afyonarabakiralama.com.tr\/index.php\/wp-json\/wp\/v2\/media?parent=27211"}],"curies":[{"name":"wp","href":"https:\/\/api.w.org\/{rel}","templated":true}]}}