{"id":27221,"date":"2025-05-10T11:29:30","date_gmt":"2025-05-10T11:29:30","guid":{"rendered":"https:\/\/afyonarabakiralama.com.tr\/?page_id=27221"},"modified":"2025-05-10T11:37:07","modified_gmt":"2025-05-10T11:37:07","slug":"afyon-rent-acar","status":"publish","type":"page","link":"https:\/\/afyonarabakiralama.com.tr\/index.php\/afyon-rent-acar\/","title":{"rendered":"Afyon Rent A Car"},"content":{"rendered":"\t\t<div data-elementor-type=\"wp-page\" data-elementor-id=\"27221\" class=\"elementor elementor-27221\">\n\t\t\t\t\t\t<section class=\"wd-negative-gap elementor-section elementor-top-section elementor-element elementor-element-1dffa12 elementor-section-content-middle elementor-section-boxed elementor-section-height-default elementor-section-height-default\" data-id=\"1dffa12\" data-element_type=\"section\">\n\t\t\t\t\t\t<div class=\"elementor-container elementor-column-gap-wide\">\n\t\t\t\t\t<div class=\"elementor-column elementor-col-50 elementor-top-column elementor-element elementor-element-61c4a0e5\" data-id=\"61c4a0e5\" data-element_type=\"column\">\n\t\t\t<div class=\"elementor-widget-wrap elementor-element-populated\">\n\t\t\t\t\t\t<div class=\"elementor-element elementor-element-ca908c5 elementor-widget elementor-widget-image\" data-id=\"ca908c5\" data-element_type=\"widget\" data-widget_type=\"image.default\">\n\t\t\t\t<div class=\"elementor-widget-container\">\n\t\t\t\t\t\t\t\t\t\t\t\t\t\t\t<img decoding=\"async\" src=\"https:\/\/afyonarabakiralama.com.tr\/wp-content\/uploads\/elementor\/thumbs\/Adsiz-tasarim-72-r5lot0n5fn7ms4obx1le9iyni2dvvpezuczuxup6p4.png\" title=\"Ads\u0131z tasar\u0131m (72)\" alt=\"Ads\u0131z tasar\u0131m (72)\" loading=\"lazy\" \/>\t\t\t\t\t\t\t\t\t\t\t\t\t\t\t<\/div>\n\t\t\t\t<\/div>\n\t\t\t\t\t<\/div>\n\t\t<\/div>\n\t\t\t\t<div class=\"elementor-column elementor-col-50 elementor-top-column elementor-element elementor-element-3dcd455e\" data-id=\"3dcd455e\" data-element_type=\"column\">\n\t\t\t<div class=\"elementor-widget-wrap elementor-element-populated\">\n\t\t\t\t\t\t<div class=\"elementor-element elementor-element-93dd2ac wd-width-100 elementor-widget elementor-widget-wd_title\" data-id=\"93dd2ac\" data-element_type=\"widget\" data-widget_type=\"wd_title.default\">\n\t\t\t\t<div class=\"elementor-widget-container\">\n\t\t\t\t\t\t\t<div class=\"title-wrapper set-mb-s reset-last-child wd-title-color-default wd-title-style-default wd-title-size-default text-left\">\n\n\t\t\t\n\t\t\t<div class=\"liner-continer\">\n\t\t\t\t<h4 class=\"woodmart-title-container title wd-fontsize-l\">Afyon Rent A Car<\/h4> \n\t\t\t\t\t\t\t<\/div>\n\n\t\t\t\t\t\t\t<div class=\"title-after_title set-cont-mb-s reset-last-child wd-fontsize-xs\">\n\t\t\t\t\t<p><strong>Afyon Ara\u00e7 Kiralama Nas\u0131l Yap\u0131l\u0131r?<\/strong><\/p><p>\u00d6zellikle pandemi s\u00fcrecinin ya\u015fanmas\u0131yla birlikte ra\u011fbet g\u00f6rmeye ba\u015flayan bireysel ara\u00e7 kullan\u0131m\u0131 beraberinde y\u00fcksek b\u00fct\u00e7eler ay\u0131rarak ara\u00e7 sahibi olmak yerine, ara\u00e7 kiralamalar\u0131n tercih edilmesini beraberinde getirmi\u015ftir. Son d\u00f6nemlerde gittik\u00e7e yayg\u0131nla\u015fan rent a car hizmetleri, \u00f6zellikle k\u0131s\u0131tl\u0131 ekonomiye sahip olanlar i\u00e7in do\u011fru bir adres olmu\u015f, bireysel ve kurumsal ara\u00e7 ihtiya\u00e7lar\u0131nda kurtar\u0131c\u0131 rol \u00fcstlenmi\u015ftir. idol\u00fcm rent a car olarak bizlerde 106 farkl\u0131 lokasyonda y\u00fcr\u00fctt\u00fc\u011f\u00fcm\u00fcz profesyonel Afyon oto kiralama hizmetlerimiz ile sekt\u00f6re katk\u0131da bulunuyor, bireysel ve \u015firket oto kiralama ihtiya\u00e7lar\u0131na h\u0131zl\u0131 \u00e7\u00f6z\u00fcmler sunuyoruz.<\/p><p>Geni\u015f ara\u00e7 filomuzda yer alan ekonomik, orta s\u0131n\u0131f, premium otomobil s\u0131n\u0131flar\u0131m\u0131z ile her b\u00fct\u00e7eye hitap edecek \u00e7\u00f6z\u00fcmler sunan firmam\u0131z, diledi\u011finiz marka ve modeldeki arac\u0131, istedi\u011finiz zaman diliminde kiralayabilme f\u0131rsat\u0131 sunmaktad\u0131r. Ara\u00e7 sahibi olmakla e\u015f de\u011fer oto kiralama, mevzuat gere\u011fi yap\u0131lmas\u0131 ve takip edilmesi gereken b\u00fct\u00fcn bak\u0131mlar\u0131n ve ara\u00e7 sorumlulu\u011funun acentam\u0131z taraf\u0131ndan y\u00fcr\u00fctmesi bak\u0131m\u0131ndan ekonomiktir.<\/p><p>Kaskolu, sigortal\u0131, ruhsatl\u0131, muayenesi ile i\u00e7 ve d\u0131\u015f t\u00fcm bak\u0131mlar\u0131 eksiksiz ara\u00e7lar\u0131m\u0131z\u0131 g\u00fcnl\u00fck, haftal\u0131k, ayl\u0131k yada y\u0131ll\u0131k olarak kiralayabilir, diledi\u011finiz model arac\u0131 tercih edebilirsiniz. \u0130\u015f, seyahat, \u00f6zel g\u00fcn yada tatil ama\u00e7l\u0131 her ne sebeple olursa olsun, c\u00fczi miktarlarla ara\u00e7 kullanman\u0131n ve ihtiya\u00e7lar\u0131n\u0131z\u0131 kar\u015f\u0131laman\u0131n konforunu ya\u015fayaca\u011f\u0131n\u0131z rent a car deste\u011fimizle, gitti\u011finiz her yerde kendi arac\u0131n\u0131z\u0131n konfordunda s\u00fcr\u00fc\u015f deneyimi ya\u015faman\u0131n keyfine varacaks\u0131n\u0131z.<\/p><p>7 g\u00fcn 24 aktif yol yard\u0131m ve m\u00fc\u015fteri hizmetleri deste\u011fimizle kiralama s\u00fcreci boyunca m\u00fc\u015fterimizin yan\u0131nda olan firmam\u0131z, olas\u0131 bir sorun durumunda ma\u011fduriyetleri gidermek ad\u0131na yedek ara\u00e7 temini de sa\u011flamaktad\u0131r. Adrese ve havaalan\u0131na teslim hizmetlerimiz, erken rezervasyonda indirim avantajlar\u0131m\u0131z ve T\u00fcrkiye\u2019nin her b\u00f6lgesinden ula\u015f\u0131labilir geni\u015f hizmet a\u011f\u0131m\u0131zla her t\u00fcrl\u00fc ara\u00e7 ihtiyac\u0131nda yan\u0131n\u0131zday\u0131z. Ara\u00e7lar\u0131m\u0131z\u0131n her birini tek tek inceleyerek bilgi sahibi olabilece\u011finiz sayfam\u0131zda ayn\u0131 zamanda h\u0131zl\u0131 rezervasyonla diledi\u011finiz arac\u0131 kiralayabilir, uzun uzad\u0131ya mevzuatlarla u\u011fra\u015fmadan ara\u00e7 kiralaman\u0131n kolayl\u0131\u011f\u0131n\u0131 ya\u015fayabilirsiniz.<\/p><p>\u00a0<\/p>\t\t\t\t<\/div>\n\t\t\t\t\t<\/div>\n\t\t\t\t\t\t<\/div>\n\t\t\t\t<\/div>\n\t\t\t\t\t<\/div>\n\t\t<\/div>\n\t\t\t\t\t<\/div>\n\t\t<\/section>\n\t\t\t\t<\/div>\n\t\t","protected":false},"excerpt":{"rendered":"<p>Afyon Rent A Car Afyon Ara\u00e7 Kiralama Nas\u0131l Yap\u0131l\u0131r? \u00d6zellikle pandemi s\u00fcrecinin ya\u015fanmas\u0131yla birlikte ra\u011fbet g\u00f6rmeye ba\u015flayan bireysel ara\u00e7 kullan\u0131m\u0131<\/p>\n","protected":false},"author":1,"featured_media":0,"parent":0,"menu_order":0,"comment_status":"closed","ping_status":"closed","template":"","meta":{"footnotes":""},"class_list":["post-27221","page","type-page","status-publish","hentry"],"_links":{"self":[{"href":"https:\/\/afyonarabakiralama.com.tr\/index.php\/wp-json\/wp\/v2\/pages\/27221","targetHints":{"allow":["GET"]}}],"collection":[{"href":"https:\/\/afyonarabakiralama.com.tr\/index.php\/wp-json\/wp\/v2\/pages"}],"about":[{"href":"https:\/\/afyonarabakiralama.com.tr\/index.php\/wp-json\/wp\/v2\/types\/page"}],"author":[{"embeddable":true,"href":"https:\/\/afyonarabakiralama.com.tr\/index.php\/wp-json\/wp\/v2\/users\/1"}],"replies":[{"embeddable":true,"href":"https:\/\/afyonarabakiralama.com.tr\/index.php\/wp-json\/wp\/v2\/comments?post=27221"}],"version-history":[{"count":4,"href":"https:\/\/afyonarabakiralama.com.tr\/index.php\/wp-json\/wp\/v2\/pages\/27221\/revisions"}],"predecessor-version":[{"id":27226,"href":"https:\/\/afyonarabakiralama.com.tr\/index.php\/wp-json\/wp\/v2\/pages\/27221\/revisions\/27226"}],"wp:attachment":[{"href":"https:\/\/afyonarabakiralama.com.tr\/index.php\/wp-json\/wp\/v2\/media?parent=27221"}],"curies":[{"name":"wp","href":"https:\/\/api.w.org\/{rel}","templated":true}]}}