{"id":27227,"date":"2025-05-10T11:42:10","date_gmt":"2025-05-10T11:42:10","guid":{"rendered":"https:\/\/afyonarabakiralama.com.tr\/?page_id=27227"},"modified":"2025-05-10T11:43:30","modified_gmt":"2025-05-10T11:43:30","slug":"afyon-gunluk-arac-kiralama","status":"publish","type":"page","link":"https:\/\/afyonarabakiralama.com.tr\/index.php\/afyon-gunluk-arac-kiralama\/","title":{"rendered":"Afyon G\u00fcnl\u00fck Ara\u00e7 Kiralama"},"content":{"rendered":"\t\t<div data-elementor-type=\"wp-page\" data-elementor-id=\"27227\" class=\"elementor elementor-27227\">\n\t\t\t\t\t\t<section class=\"wd-negative-gap elementor-section elementor-top-section elementor-element elementor-element-3fd1ff23 elementor-section-content-middle elementor-section-boxed elementor-section-height-default elementor-section-height-default\" data-id=\"3fd1ff23\" data-element_type=\"section\">\n\t\t\t\t\t\t<div class=\"elementor-container elementor-column-gap-wide\">\n\t\t\t\t\t<div class=\"elementor-column elementor-col-50 elementor-top-column elementor-element elementor-element-31c6f8c1\" data-id=\"31c6f8c1\" data-element_type=\"column\">\n\t\t\t<div class=\"elementor-widget-wrap elementor-element-populated\">\n\t\t\t\t\t\t<div class=\"elementor-element elementor-element-2d217934 elementor-widget elementor-widget-image\" data-id=\"2d217934\" data-element_type=\"widget\" data-widget_type=\"image.default\">\n\t\t\t\t<div class=\"elementor-widget-container\">\n\t\t\t\t\t\t\t\t\t\t\t\t\t\t\t<img decoding=\"async\" src=\"https:\/\/afyonarabakiralama.com.tr\/wp-content\/uploads\/elementor\/thumbs\/Adsiz-tasarim-73-r5lp3tsc120caoz2spsxxsrhfl3ueebvbv2vmeo754.png\" title=\"Ads\u0131z tasar\u0131m (73)\" alt=\"Ads\u0131z tasar\u0131m (73)\" loading=\"lazy\" \/>\t\t\t\t\t\t\t\t\t\t\t\t\t\t\t<\/div>\n\t\t\t\t<\/div>\n\t\t\t\t\t<\/div>\n\t\t<\/div>\n\t\t\t\t<div class=\"elementor-column elementor-col-50 elementor-top-column elementor-element elementor-element-2528b987\" data-id=\"2528b987\" data-element_type=\"column\">\n\t\t\t<div class=\"elementor-widget-wrap elementor-element-populated\">\n\t\t\t\t\t\t<div class=\"elementor-element elementor-element-60e9070 wd-width-100 elementor-widget elementor-widget-wd_title\" data-id=\"60e9070\" data-element_type=\"widget\" data-widget_type=\"wd_title.default\">\n\t\t\t\t<div class=\"elementor-widget-container\">\n\t\t\t\t\t\t\t<div class=\"title-wrapper set-mb-s reset-last-child wd-title-color-default wd-title-style-default wd-title-size-default text-left\">\n\n\t\t\t\n\t\t\t<div class=\"liner-continer\">\n\t\t\t\t<h4 class=\"woodmart-title-container title wd-fontsize-l\">Afyon G\u00fcnl\u00fck Ara\u00e7<\/h4> \n\t\t\t\t\t\t\t<\/div>\n\n\t\t\t\t\t\t\t<div class=\"title-after_title set-cont-mb-s reset-last-child wd-fontsize-xs\">\n\t\t\t\t\t<p><b>Afyon Ara\u00e7 Kiralama \u015eirketleri<\/b><\/p><p>Afyon rent a car firmalar\u0131 aras\u0131nda sahip oldu\u011fumuz g\u00fc\u00e7l\u00fc altyap\u0131, tecr\u00fcbeli hizmet, kurumsalla\u015fm\u0131\u015f firma profili ve 35.000 gibi zengin ara\u00e7 filomuzla se\u00e7kin bir yer edinen idol\u00fcm rent a car, T\u00fcrkiye'nin d\u00f6rt bir yan\u0131na uzanan hizmet a\u011f\u0131m\u0131zla da sekt\u00f6r\u00fcn \u00f6nc\u00fc kurulu\u015flar\u0131 aras\u0131na girmeyi ba\u015farm\u0131\u015ft\u0131r. Ara\u00e7 kiralaman\u0131n karma\u015f\u0131k prosed\u00fcrleri ile u\u011fra\u015fmaya gerek kalmadan, online h\u0131zl\u0131 rezervasyon avantajlar\u0131m\u0131zla, diledi\u011finiz otomobili inceleyip rezerve edebilece\u011finiz ara\u00e7lar\u0131m\u0131z, adrese ve havaalan\u0131na teslim kolayl\u0131\u011f\u0131 ile de sizleri beklemektedir. Y\u0131llar\u0131n kazand\u0131rd\u0131\u011f\u0131 tecr\u00fcbe ve kaliteli hizmet ile referanslar\u0131m\u0131za her ge\u00e7en g\u00fcn yenisini ekleyerek sekt\u00f6rde emin ad\u0131mlarla ilerleyen \u015firketimiz, 106 farkl\u0131 noktaya y\u00fcr\u00fctt\u00fc\u011f\u00fcm\u00fcz ayr\u0131cal\u0131kl\u0131 idol\u00fcm rent a car oto kiralama hizmetlerimizle, her yerde, her durumda yan\u0131n\u0131zday\u0131z. Ankara Ara\u00e7 kiralama i\u015flemleriniz i\u00e7in ise Ankara \u015fubemiz ile ileti\u015fime ge\u00e7erek h\u0131zl\u0131 rezervasyon yapt\u0131rabilirsiniz. Ara\u00e7 Kiralama alan\u0131nda uzman markan\u0131z idol\u00fcm rent a car sizlere sorunsuz kiralama keyfini sunacakt\u0131r.<\/p>\t\t\t\t<\/div>\n\t\t\t\t\t<\/div>\n\t\t\t\t\t\t<\/div>\n\t\t\t\t<\/div>\n\t\t\t\t\t<\/div>\n\t\t<\/div>\n\t\t\t\t\t<\/div>\n\t\t<\/section>\n\t\t\t\t<\/div>\n\t\t","protected":false},"excerpt":{"rendered":"<p>Afyon G\u00fcnl\u00fck Ara\u00e7 Afyon Ara\u00e7 Kiralama \u015eirketleri Afyon rent a car firmalar\u0131 aras\u0131nda sahip oldu\u011fumuz g\u00fc\u00e7l\u00fc altyap\u0131, tecr\u00fcbeli hizmet, kurumsalla\u015fm\u0131\u015f<\/p>\n","protected":false},"author":1,"featured_media":0,"parent":0,"menu_order":0,"comment_status":"closed","ping_status":"closed","template":"","meta":{"footnotes":""},"class_list":["post-27227","page","type-page","status-publish","hentry"],"_links":{"self":[{"href":"https:\/\/afyonarabakiralama.com.tr\/index.php\/wp-json\/wp\/v2\/pages\/27227","targetHints":{"allow":["GET"]}}],"collection":[{"href":"https:\/\/afyonarabakiralama.com.tr\/index.php\/wp-json\/wp\/v2\/pages"}],"about":[{"href":"https:\/\/afyonarabakiralama.com.tr\/index.php\/wp-json\/wp\/v2\/types\/page"}],"author":[{"embeddable":true,"href":"https:\/\/afyonarabakiralama.com.tr\/index.php\/wp-json\/wp\/v2\/users\/1"}],"replies":[{"embeddable":true,"href":"https:\/\/afyonarabakiralama.com.tr\/index.php\/wp-json\/wp\/v2\/comments?post=27227"}],"version-history":[{"count":4,"href":"https:\/\/afyonarabakiralama.com.tr\/index.php\/wp-json\/wp\/v2\/pages\/27227\/revisions"}],"predecessor-version":[{"id":27232,"href":"https:\/\/afyonarabakiralama.com.tr\/index.php\/wp-json\/wp\/v2\/pages\/27227\/revisions\/27232"}],"wp:attachment":[{"href":"https:\/\/afyonarabakiralama.com.tr\/index.php\/wp-json\/wp\/v2\/media?parent=27227"}],"curies":[{"name":"wp","href":"https:\/\/api.w.org\/{rel}","templated":true}]}}