{"id":27233,"date":"2025-05-10T11:48:50","date_gmt":"2025-05-10T11:48:50","guid":{"rendered":"https:\/\/afyonarabakiralama.com.tr\/?page_id=27233"},"modified":"2025-05-10T11:52:53","modified_gmt":"2025-05-10T11:52:53","slug":"afyon-uygun-fiyat-rent-a-car","status":"publish","type":"page","link":"https:\/\/afyonarabakiralama.com.tr\/index.php\/afyon-uygun-fiyat-rent-a-car\/","title":{"rendered":"Afyon Uygun Fiyat Rent A Car"},"content":{"rendered":"\t\t<div data-elementor-type=\"wp-page\" data-elementor-id=\"27233\" class=\"elementor elementor-27233\">\n\t\t\t\t\t\t<section class=\"wd-negative-gap elementor-section elementor-top-section elementor-element elementor-element-6e6f9b6e elementor-section-content-middle elementor-section-boxed elementor-section-height-default elementor-section-height-default\" data-id=\"6e6f9b6e\" data-element_type=\"section\">\n\t\t\t\t\t\t<div class=\"elementor-container elementor-column-gap-wide\">\n\t\t\t\t\t<div class=\"elementor-column elementor-col-50 elementor-top-column elementor-element elementor-element-757a87be\" data-id=\"757a87be\" data-element_type=\"column\">\n\t\t\t<div class=\"elementor-widget-wrap elementor-element-populated\">\n\t\t\t\t\t\t<div class=\"elementor-element elementor-element-48dae8b6 elementor-widget elementor-widget-image\" data-id=\"48dae8b6\" data-element_type=\"widget\" data-widget_type=\"image.default\">\n\t\t\t\t<div class=\"elementor-widget-container\">\n\t\t\t\t\t\t\t\t\t\t\t\t\t\t\t<img decoding=\"async\" src=\"https:\/\/afyonarabakiralama.com.tr\/wp-content\/uploads\/elementor\/thumbs\/Adsiz-tasarim-74-r5lpidcfrrx1xhukvi450mn8b7faht2czugbxj3wvc.png\" title=\"Ads\u0131z tasar\u0131m (74)\" alt=\"Ads\u0131z tasar\u0131m (74)\" loading=\"lazy\" \/>\t\t\t\t\t\t\t\t\t\t\t\t\t\t\t<\/div>\n\t\t\t\t<\/div>\n\t\t\t\t\t<\/div>\n\t\t<\/div>\n\t\t\t\t<div class=\"elementor-column elementor-col-50 elementor-top-column elementor-element elementor-element-5996966f\" data-id=\"5996966f\" data-element_type=\"column\">\n\t\t\t<div class=\"elementor-widget-wrap elementor-element-populated\">\n\t\t\t\t\t\t<div class=\"elementor-element elementor-element-1069ddd6 wd-width-100 elementor-widget elementor-widget-wd_title\" data-id=\"1069ddd6\" data-element_type=\"widget\" data-widget_type=\"wd_title.default\">\n\t\t\t\t<div class=\"elementor-widget-container\">\n\t\t\t\t\t\t\t<div class=\"title-wrapper set-mb-s reset-last-child wd-title-color-default wd-title-style-default wd-title-size-default text-left\">\n\n\t\t\t\n\t\t\t<div class=\"liner-continer\">\n\t\t\t\t<h4 class=\"woodmart-title-container title wd-fontsize-l\">Afyon Uygun Fiyat Rent A Car<\/h4> \n\t\t\t\t\t\t\t<\/div>\n\n\t\t\t\t\t\t\t<div class=\"title-after_title set-cont-mb-s reset-last-child wd-fontsize-xs\">\n\t\t\t\t\t<p><b>Afyon Ara\u00e7 Kiralama Fiyatlar\u0131 Ne Kadar?<\/b><\/p><p>M\u00fc\u015fteri memnuniyeti her zaman hizmetlerimizde \u00f6ncelik verdi\u011fimiz d\u00fcsturumuzdur. Bu sebeple uygun fiyat anlay\u0131\u015f\u0131n\u0131 benimsiyor, m\u00fc\u015fterilerimize kabar\u0131k faturalar \u00e7\u0131karacak hizmetlerden uzak duruyoruz. Ara\u00e7 kiralarken \u00f6nceli\u011finiz, ihtiyac\u0131n\u0131za y\u00f6nelik olan bir arac\u0131 kiralamak olmal\u0131d\u0131r. Beklentinizi kar\u015f\u0131layacak arac\u0131 se\u00e7mek b\u00fct\u00e7e olarak sizi yormayaca\u011f\u0131 gibi, i\u015flerinizinde sorunsuz y\u00fcr\u00fcmesine katk\u0131 sa\u011flayacakt\u0131r. Afyon ara\u00e7 kiralama fiyatlar\u0131, sekt\u00f6r\u00fcn y\u00f6netti\u011fi baz\u0131 kriterler do\u011frultusunda belirlenmektedir. Kiralama s\u00fcresi, ara\u00e7 s\u0131n\u0131f\u0131 ve modeli, km, ek hizmetler, HGS talebi gibi ba\u015fl\u0131klar fiyatlar\u0131n belirlenmesinde rol oynayan etkenler aras\u0131ndad\u0131r. Oto kiralama fiyatlar\u0131 bireysel yada kurumsal hizmetlerde ayr\u0131 ayr\u0131 de\u011ferlendirilmektedir. Bu sebeple acentam\u0131z ile birebir yapaca\u011f\u0131n\u0131z g\u00f6r\u00fc\u015fmelerde daha net fiyat tarifeleri edinebilir, size uygun ara\u00e7 se\u00e7eneklerini g\u00f6zden ge\u00e7irebilirsiniz.<\/p>\t\t\t\t<\/div>\n\t\t\t\t\t<\/div>\n\t\t\t\t\t\t<\/div>\n\t\t\t\t<\/div>\n\t\t\t\t\t<\/div>\n\t\t<\/div>\n\t\t\t\t\t<\/div>\n\t\t<\/section>\n\t\t\t\t<\/div>\n\t\t","protected":false},"excerpt":{"rendered":"<p>Afyon Uygun Fiyat Rent A Car Afyon Ara\u00e7 Kiralama Fiyatlar\u0131 Ne Kadar? M\u00fc\u015fteri memnuniyeti her zaman hizmetlerimizde \u00f6ncelik verdi\u011fimiz d\u00fcsturumuzdur.<\/p>\n","protected":false},"author":1,"featured_media":0,"parent":0,"menu_order":0,"comment_status":"closed","ping_status":"closed","template":"","meta":{"footnotes":""},"class_list":["post-27233","page","type-page","status-publish","hentry"],"_links":{"self":[{"href":"https:\/\/afyonarabakiralama.com.tr\/index.php\/wp-json\/wp\/v2\/pages\/27233","targetHints":{"allow":["GET"]}}],"collection":[{"href":"https:\/\/afyonarabakiralama.com.tr\/index.php\/wp-json\/wp\/v2\/pages"}],"about":[{"href":"https:\/\/afyonarabakiralama.com.tr\/index.php\/wp-json\/wp\/v2\/types\/page"}],"author":[{"embeddable":true,"href":"https:\/\/afyonarabakiralama.com.tr\/index.php\/wp-json\/wp\/v2\/users\/1"}],"replies":[{"embeddable":true,"href":"https:\/\/afyonarabakiralama.com.tr\/index.php\/wp-json\/wp\/v2\/comments?post=27233"}],"version-history":[{"count":3,"href":"https:\/\/afyonarabakiralama.com.tr\/index.php\/wp-json\/wp\/v2\/pages\/27233\/revisions"}],"predecessor-version":[{"id":27237,"href":"https:\/\/afyonarabakiralama.com.tr\/index.php\/wp-json\/wp\/v2\/pages\/27233\/revisions\/27237"}],"wp:attachment":[{"href":"https:\/\/afyonarabakiralama.com.tr\/index.php\/wp-json\/wp\/v2\/media?parent=27233"}],"curies":[{"name":"wp","href":"https:\/\/api.w.org\/{rel}","templated":true}]}}