{"id":27238,"date":"2025-05-10T12:00:13","date_gmt":"2025-05-10T12:00:13","guid":{"rendered":"https:\/\/afyonarabakiralama.com.tr\/?page_id=27238"},"modified":"2025-05-12T07:48:07","modified_gmt":"2025-05-12T07:48:07","slug":"afyon-vip-arac","status":"publish","type":"page","link":"https:\/\/afyonarabakiralama.com.tr\/index.php\/afyon-vip-arac\/","title":{"rendered":"Afyon Vip Ara\u00e7"},"content":{"rendered":"\t\t<div data-elementor-type=\"wp-page\" data-elementor-id=\"27238\" class=\"elementor elementor-27238\">\n\t\t\t\t\t\t<section class=\"wd-negative-gap elementor-section elementor-top-section elementor-element elementor-element-5a85800a elementor-section-content-middle elementor-section-boxed elementor-section-height-default elementor-section-height-default\" data-id=\"5a85800a\" data-element_type=\"section\">\n\t\t\t\t\t\t<div class=\"elementor-container elementor-column-gap-wide\">\n\t\t\t\t\t<div class=\"elementor-column elementor-col-50 elementor-top-column elementor-element elementor-element-111d3541\" data-id=\"111d3541\" data-element_type=\"column\">\n\t\t\t<div class=\"elementor-widget-wrap elementor-element-populated\">\n\t\t\t\t\t\t<div class=\"elementor-element elementor-element-7e9b33fd elementor-widget elementor-widget-image\" data-id=\"7e9b33fd\" data-element_type=\"widget\" data-widget_type=\"image.default\">\n\t\t\t\t<div class=\"elementor-widget-container\">\n\t\t\t\t\t\t\t\t\t\t\t\t\t\t\t<img decoding=\"async\" src=\"https:\/\/afyonarabakiralama.com.tr\/wp-content\/uploads\/elementor\/thumbs\/Adsiz-tasarim-1-r5ow6t7f2xfwwz24ojlgxbxjkwv77jos9q9ilvtu08.png\" title=\"Ads\u0131z tasar\u0131m (1)\" alt=\"Ads\u0131z tasar\u0131m (1)\" loading=\"lazy\" \/>\t\t\t\t\t\t\t\t\t\t\t\t\t\t\t<\/div>\n\t\t\t\t<\/div>\n\t\t\t\t\t<\/div>\n\t\t<\/div>\n\t\t\t\t<div class=\"elementor-column elementor-col-50 elementor-top-column elementor-element elementor-element-5faac9e\" data-id=\"5faac9e\" data-element_type=\"column\">\n\t\t\t<div class=\"elementor-widget-wrap elementor-element-populated\">\n\t\t\t\t\t\t<div class=\"elementor-element elementor-element-72dc5adb wd-width-100 elementor-widget elementor-widget-wd_title\" data-id=\"72dc5adb\" data-element_type=\"widget\" data-widget_type=\"wd_title.default\">\n\t\t\t\t<div class=\"elementor-widget-container\">\n\t\t\t\t\t\t\t<div class=\"title-wrapper set-mb-s reset-last-child wd-title-color-default wd-title-style-default wd-title-size-default text-left\">\n\n\t\t\t\n\t\t\t<div class=\"liner-continer\">\n\t\t\t\t<h4 class=\"woodmart-title-container title wd-fontsize-l\">Afyon Vip Ara\u00e7 Transferi<\/h4> \n\t\t\t\t\t\t\t<\/div>\n\n\t\t\t\t\t\t\t<div class=\"title-after_title set-cont-mb-s reset-last-child wd-fontsize-xs\">\n\t\t\t\t\t<p>Vip transfer l\u00fcks transfer hizmeti olan , ki\u015fiye \u00f6zel transfer hizmetidir. Vip transfer hizmetinde ara\u00e7 se\u00e7ebilir, tarihi ve saati \u00f6nceden belirleyip rezervasyon yapabilirsiniz. \u0130dol\u00fcm rent a car size diledi\u011finiz bir konumdan di\u011fer bir konuma ula\u015fmak i\u00e7in tam donan\u0131ml\u0131 ve konforlu vip ara\u00e7lar ile seyahat imkanlar\u0131 sunar. \u00c7o\u011funlukla havaliman\u0131 transfer hizmetlerinde tercih edilen vip transferler, art\u0131k i\u015f toplant\u0131lar\u0131, fuar ve organizasyon, davet gibi \u00f6zel etkinliklerde de kullan\u0131lmaya ba\u015flanm\u0131\u015ft\u0131r.<\/p>\t\t\t\t<\/div>\n\t\t\t\t\t<\/div>\n\t\t\t\t\t\t<\/div>\n\t\t\t\t<\/div>\n\t\t\t\t\t<\/div>\n\t\t<\/div>\n\t\t\t\t\t<\/div>\n\t\t<\/section>\n\t\t\t\t<\/div>\n\t\t","protected":false},"excerpt":{"rendered":"<p>Afyon Vip Ara\u00e7 Transferi Vip transfer l\u00fcks transfer hizmeti olan , ki\u015fiye \u00f6zel transfer hizmetidir. Vip transfer hizmetinde ara\u00e7 se\u00e7ebilir,<\/p>\n","protected":false},"author":1,"featured_media":0,"parent":0,"menu_order":0,"comment_status":"closed","ping_status":"closed","template":"","meta":{"footnotes":""},"class_list":["post-27238","page","type-page","status-publish","hentry"],"_links":{"self":[{"href":"https:\/\/afyonarabakiralama.com.tr\/index.php\/wp-json\/wp\/v2\/pages\/27238","targetHints":{"allow":["GET"]}}],"collection":[{"href":"https:\/\/afyonarabakiralama.com.tr\/index.php\/wp-json\/wp\/v2\/pages"}],"about":[{"href":"https:\/\/afyonarabakiralama.com.tr\/index.php\/wp-json\/wp\/v2\/types\/page"}],"author":[{"embeddable":true,"href":"https:\/\/afyonarabakiralama.com.tr\/index.php\/wp-json\/wp\/v2\/users\/1"}],"replies":[{"embeddable":true,"href":"https:\/\/afyonarabakiralama.com.tr\/index.php\/wp-json\/wp\/v2\/comments?post=27238"}],"version-history":[{"count":12,"href":"https:\/\/afyonarabakiralama.com.tr\/index.php\/wp-json\/wp\/v2\/pages\/27238\/revisions"}],"predecessor-version":[{"id":27265,"href":"https:\/\/afyonarabakiralama.com.tr\/index.php\/wp-json\/wp\/v2\/pages\/27238\/revisions\/27265"}],"wp:attachment":[{"href":"https:\/\/afyonarabakiralama.com.tr\/index.php\/wp-json\/wp\/v2\/media?parent=27238"}],"curies":[{"name":"wp","href":"https:\/\/api.w.org\/{rel}","templated":true}]}}